{"id":82,"date":"2016-02-21T12:44:09","date_gmt":"2016-02-21T11:44:09","guid":{"rendered":"http:\/\/atelierdemaxime.fr\/?page_id=82"},"modified":"2016-09-27T18:07:29","modified_gmt":"2016-09-27T17:07:29","slug":"partenaires","status":"publish","type":"page","link":"http:\/\/atelierdemaxime.fr\/?page_id=82","title":{"rendered":"Partenaires"},"content":{"rendered":"<p style=\"text-align: center;\"><a href=\"http:\/\/ca-couture-lyon-et-region.fr\/les-membres\/\" target=\"_blank\">Rose Motola &#8211; Haute Couture<\/a><\/p>\n<p style=\"text-align: center;\"><a href=\"http:\/\/www.vuesdartistes.fr\/\" target=\"_blank\">Vues d&rsquo;Artistes<br \/>\n<\/a><a href=\"http:\/\/www.galerieslafayette.com\/magasin-lyon\/\" target=\"_blank\">Les Galeries Lafayette &#8211; Vente<\/a><br \/>\n<a href=\"http:\/\/www.lesfleursdumaltlebar.fr\/\" target=\"_blank\">Les Fleurs du Malt &#8211; Bar<\/a><br \/>\n<a href=\"http:\/\/www.lafourchette.com\/restaurant\/le-comptoir-de-l-atelier\/52720\" target=\"_blank\">Comptoir de l&rsquo;Atelier &#8211; Restaurant<\/a><br \/>\n<a href=\"http:\/\/www.emiliencoralie.com\/\" target=\"_blank\">Emilien et Coralie &#8211; Artisans Fleuristes<\/a><br \/>\n<a href=\"http:\/\/www.popandshoes.com\/eshop\/\" target=\"_blank\">Pop&amp;Shoes &#8211; Vente de chaussures et d&rsquo;accessoires<\/a><br \/>\n<a href=\"http:\/\/www.alittlemarket.com\/boutique\/ale_piedras-2222317.html\" target=\"_blank\">Cr\u00e9ations Ale-Piedras &#8211; Cr\u00e9ations lapidaires<\/a><br \/>\n<a href=\"http:\/\/www.leboisdebout.com\/\" target=\"_blank\">Le Bois Debout &#8211; Vente de gravures anciennes et modernes<\/a><\/p>\n<p style=\"text-align: center;\"><a href=\"http:\/\/www.iscom.fr\/\">Agence &#8211; Caoua<\/a><br \/>\nLisa Astic<br \/>\nLaurine Clavelin<br \/>\nAymeric Hantin<br \/>\nAlison Jeziorska<br \/>\nAlexis Lorot<\/p>\n<p style=\"text-align: center;\"><a href=\"http:\/\/www.iscom.fr\/\">Apolline &#8211; Agence<br \/>\n<\/a>M\u00e9lina Farge<br \/>\nMarie de Gouville<br \/>\nM\u00e9lissa Boulanouar<br \/>\nGillie Marcon<br \/>\nAm\u00e9lie Dridi<\/p>\n<p style=\"text-align: center;\"><strong>Business Management et Technique<br \/>\n<\/strong>Marc-Olivier Graziani<\/p>\n<p style=\"text-align: center;\"><strong>Photographies et Vid\u00e9os<br \/>\n<\/strong>Serena San Vicente<br \/>\nVictor Dilas<br \/>\nNicolas Desforges<br \/>\nMarine Schmitt<br \/>\n<a href=\"http:\/\/marionbotella.com\" target=\"_blank\">Marion Botella<\/a><br \/>\n<a href=\"https:\/\/m.facebook.com\/nathaliedescombesstyle\/\" target=\"_blank\">Nathalie Descombes<\/a><br \/>\n<a href=\"http:\/\/colinedo.com\" target=\"_blank\">Coline Do<\/a><strong><br \/>\n<\/strong><a href=\"https:\/\/www.facebook.com\/mathildedesutterphotography\/\" target=\"_blank\">Mathilde Desutter<\/a><br \/>\n<a href=\"http:\/\/www.starofservice.com\/professionnel\/photographie-de-mariage\/romagnat\/2387320\/maxime-demoustier#\/\" target=\"_blank\">Maxime Demoustier<\/a><br \/>\n<a href=\"http:\/\/ninacohpernay.wix.com\/photographie\" target=\"_blank\">Nina Peyrachon<\/a><br \/>\nJulie Jaimond<br \/>\nCarlos Antoniassi<\/p>\n<p style=\"text-align: center;\"><strong>Coiffure et Maquillage<\/strong><br \/>\n<a href=\"http:\/\/www.coiffure-domicile-jura.fr\" target=\"_blank\">Eloise Bathrez<br \/>\n<\/a><a href=\"https:\/\/www.facebook.com\/Closmetic-1468592296782713\/?__mref=message_bubble\" target=\"_blank\">Clostemic<\/a><\/p>\n<p style=\"text-align: center;\"><strong>Mannequins<\/strong><\/p>\n<p style=\"text-align: justify;\">Heven Makaya <a href=\"http:\/\/alicegrange.wix.com\/book\" target=\"_blank\">Alice Grange <\/a>Garry Klapatyj Elio Thollon L\u00e9o Georges Jean-Baptiste Bland Vincent Ghiotti Timoth\u00e9 Blattes Ma\u00ebl Campagna Marouan Delaqcis Coline Vincent Sarah Loisy Lola Roche In\u00e8s Lopez Chlo\u00e9 Melka C\u00e9cile Gabriel Lola Dumont Antoine B\u00e9guin Alexis Le Ray\u00a0 Manon Gali\u00e8re Paul Le Roy Charlie Williame Antoine Chauffrut<\/p>\n","protected":false},"excerpt":{"rendered":"<p>Rose Motola &#8211; Haute Couture Vues d&rsquo;Artistes Les Galeries Lafayette &#8211; Vente Les Fleurs du Malt &#8211; Bar Comptoir de l&rsquo;Atelier &#8211; [&hellip;]<\/p>\n","protected":false},"author":1,"featured_media":0,"parent":0,"menu_order":0,"comment_status":"closed","ping_status":"closed","template":"","meta":{"jetpack_post_was_ever_published":false,"footnotes":""},"class_list":["post-82","page","type-page","status-publish","hentry"],"jetpack_sharing_enabled":true,"jetpack_shortlink":"https:\/\/wp.me\/P7bIv4-1k","jetpack-related-posts":[{"id":767,"url":"http:\/\/atelierdemaxime.fr\/?page_id=767","url_meta":{"origin":82,"position":0},"title":"Conditions G\u00e9n\u00e9rales de Vente","author":"Maxime","date":"1 mars 2016","format":false,"excerpt":"Conditions g\u00e9n\u00e9rales de vente Objet du document et relation avec les conditions d'achat Toute commande de produits, qu'ils soient standards ou faisant l'objet d'une promotion, implique la pleine connaissance et l'acceptation, sans r\u00e9serve, par l'Acheteur, des pr\u00e9sentes conditions g\u00e9n\u00e9rales de vente du Vendeur. Elles pr\u00e9valent sur toute autre condition \u00e9mise\u2026","rel":"","context":"Article similaire","block_context":{"text":"Article similaire","link":""},"img":{"alt_text":"","src":"","width":0,"height":0},"classes":[]},{"id":769,"url":"http:\/\/atelierdemaxime.fr\/?page_id=769","url_meta":{"origin":82,"position":1},"title":"D\u00e9tails Techniques","author":"Maxime","date":"2 mars 2016","format":false,"excerpt":"L\u2019atelier vous propose quelques conseils techniques pour le choix et l\u2019entretien de vos papillons. Les Papillons de l\u2019Atelier de Maxime sont fabriqu\u00e9s \u00e0 partir de mati\u00e8res nobles. Quelques pr\u00e9cautions simples d\u2019usages sont \u00e0 respecter : Nous vous conseillons de proc\u00e9der \u00e0 un nettoyage \u00e0 sec de vos papillons, c'est-\u00e0-dire en\u2026","rel":"","context":"Article similaire","block_context":{"text":"Article similaire","link":""},"img":{"alt_text":"","src":"","width":0,"height":0},"classes":[]},{"id":20,"url":"http:\/\/atelierdemaxime.fr\/?page_id=20","url_meta":{"origin":82,"position":2},"title":"Contact","author":"Maxime","date":"31 janvier 2016","format":false,"excerpt":"Nous avons cr\u00e9\u00e9 cette page d\u2019expression pour vos recueillir vos avis, r\u00e9pondre \u00e0 vos questions et surtout partager avec vous cette belle aventure !","rel":"","context":"Article similaire","block_context":{"text":"Article similaire","link":""},"img":{"alt_text":"","src":"","width":0,"height":0},"classes":[]}],"_links":{"self":[{"href":"http:\/\/atelierdemaxime.fr\/index.php?rest_route=\/wp\/v2\/pages\/82","targetHints":{"allow":["GET"]}}],"collection":[{"href":"http:\/\/atelierdemaxime.fr\/index.php?rest_route=\/wp\/v2\/pages"}],"about":[{"href":"http:\/\/atelierdemaxime.fr\/index.php?rest_route=\/wp\/v2\/types\/page"}],"author":[{"embeddable":true,"href":"http:\/\/atelierdemaxime.fr\/index.php?rest_route=\/wp\/v2\/users\/1"}],"replies":[{"embeddable":true,"href":"http:\/\/atelierdemaxime.fr\/index.php?rest_route=%2Fwp%2Fv2%2Fcomments&post=82"}],"version-history":[{"count":34,"href":"http:\/\/atelierdemaxime.fr\/index.php?rest_route=\/wp\/v2\/pages\/82\/revisions"}],"predecessor-version":[{"id":1035,"href":"http:\/\/atelierdemaxime.fr\/index.php?rest_route=\/wp\/v2\/pages\/82\/revisions\/1035"}],"wp:attachment":[{"href":"http:\/\/atelierdemaxime.fr\/index.php?rest_route=%2Fwp%2Fv2%2Fmedia&parent=82"}],"curies":[{"name":"wp","href":"https:\/\/api.w.org\/{rel}","templated":true}]}}