{"id":821,"date":"2016-03-26T14:38:49","date_gmt":"2016-03-26T13:38:49","guid":{"rendered":"http:\/\/atelierdemaxime.fr\/?page_id=821"},"modified":"2016-03-26T16:55:45","modified_gmt":"2016-03-26T15:55:45","slug":"le-blog","status":"publish","type":"page","link":"http:\/\/atelierdemaxime.fr\/?page_id=821","title":{"rendered":"Le blog"},"content":{"rendered":"<div class=\"tiled-gallery type-square tiled-gallery-unresized\" data-original-width=\"1170\" data-carousel-extra='{&quot;blog_id&quot;:1,&quot;permalink&quot;:&quot;http:\\\/\\\/atelierdemaxime.fr\\\/?page_id=821&quot;,&quot;likes_blog_id&quot;:106227022}' itemscope itemtype=\"http:\/\/schema.org\/ImageGallery\" > <div class=\"gallery-row\" style=\"width: 1170px; height: 390px;\" data-original-width=\"1170\" data-original-height=\"390\" > <div class=\"gallery-group\" style=\"width: 390px; height: 390px;\" data-original-width=\"390\" data-original-height=\"390\" > <div class=\"tiled-gallery-item \" itemprop=\"associatedMedia\" itemscope itemtype=\"http:\/\/schema.org\/ImageObject\"> <a href=\"http:\/\/atelierdemaxime.fr\/?attachment_id=859\" border=\"0\" itemprop=\"url\"> <meta itemprop=\"width\" content=\"386\"> <meta itemprop=\"height\" content=\"386\"> <img decoding=\"async\" class=\"\" data-attachment-id=\"859\" data-orig-file=\"http:\/\/atelierdemaxime.fr\/wp-content\/uploads\/2016\/03\/Blog02.png\" data-orig-size=\"645,615\" data-comments-opened=\"\" data-image-meta=\"{&quot;aperture&quot;:&quot;0&quot;,&quot;credit&quot;:&quot;&quot;,&quot;camera&quot;:&quot;&quot;,&quot;caption&quot;:&quot;&quot;,&quot;created_timestamp&quot;:&quot;0&quot;,&quot;copyright&quot;:&quot;&quot;,&quot;focal_length&quot;:&quot;0&quot;,&quot;iso&quot;:&quot;0&quot;,&quot;shutter_speed&quot;:&quot;0&quot;,&quot;title&quot;:&quot;&quot;,&quot;orientation&quot;:&quot;0&quot;}\" data-image-title=\"La collection en vid\u00e9o\" data-image-description=\"\" data-medium-file=\"https:\/\/i0.wp.com\/atelierdemaxime.fr\/wp-content\/uploads\/2016\/03\/Blog02.png?fit=300%2C286\" data-large-file=\"https:\/\/i0.wp.com\/atelierdemaxime.fr\/wp-content\/uploads\/2016\/03\/Blog02.png?fit=645%2C615\" src=\"https:\/\/i0.wp.com\/atelierdemaxime.fr\/wp-content\/uploads\/2016\/03\/Blog02.png?w=386&#038;h=386&#038;crop=1\" srcset=\"https:\/\/i0.wp.com\/atelierdemaxime.fr\/wp-content\/uploads\/2016\/03\/Blog02.png?resize=150%2C150 150w, https:\/\/i0.wp.com\/atelierdemaxime.fr\/wp-content\/uploads\/2016\/03\/Blog02.png?resize=180%2C180 180w, https:\/\/i0.wp.com\/atelierdemaxime.fr\/wp-content\/uploads\/2016\/03\/Blog02.png?resize=300%2C300 300w, https:\/\/i0.wp.com\/atelierdemaxime.fr\/wp-content\/uploads\/2016\/03\/Blog02.png?resize=600%2C600 600w, https:\/\/i0.wp.com\/atelierdemaxime.fr\/wp-content\/uploads\/2016\/03\/Blog02.png?resize=50%2C50 50w, https:\/\/i0.wp.com\/atelierdemaxime.fr\/wp-content\/uploads\/2016\/03\/Blog02.png?resize=100%2C100 100w\" width=\"386\" height=\"386\" loading=\"lazy\" data-original-width=\"386\" data-original-height=\"386\" itemprop=\"http:\/\/schema.org\/image\" title=\"La collection en vid\u00e9o\" alt=\"Les vid\u00e9os\" style=\"width: 386px; height: 386px;\" \/> <\/a> <div class=\"tiled-gallery-caption\" itemprop=\"caption description\"> Les vid\u00e9os <\/div> <\/div> <\/div> <div class=\"gallery-group\" style=\"width: 390px; height: 390px;\" data-original-width=\"390\" data-original-height=\"390\" > <div class=\"tiled-gallery-item \" itemprop=\"associatedMedia\" itemscope itemtype=\"http:\/\/schema.org\/ImageObject\"> <a href=\"http:\/\/atelierdemaxime.fr\/?attachment_id=866\" border=\"0\" itemprop=\"url\"> <meta itemprop=\"width\" content=\"386\"> <meta itemprop=\"height\" content=\"386\"> <img decoding=\"async\" class=\"\" data-attachment-id=\"866\" data-orig-file=\"http:\/\/atelierdemaxime.fr\/wp-content\/uploads\/2016\/03\/Vid\u00e9os.png\" data-orig-size=\"400,400\" data-comments-opened=\"\" data-image-meta=\"{&quot;aperture&quot;:&quot;0&quot;,&quot;credit&quot;:&quot;&quot;,&quot;camera&quot;:&quot;&quot;,&quot;caption&quot;:&quot;&quot;,&quot;created_timestamp&quot;:&quot;0&quot;,&quot;copyright&quot;:&quot;&quot;,&quot;focal_length&quot;:&quot;0&quot;,&quot;iso&quot;:&quot;0&quot;,&quot;shutter_speed&quot;:&quot;0&quot;,&quot;title&quot;:&quot;&quot;,&quot;orientation&quot;:&quot;0&quot;}\" data-image-title=\"Vid\u00e9os\" data-image-description=\"\" data-medium-file=\"https:\/\/i0.wp.com\/atelierdemaxime.fr\/wp-content\/uploads\/2016\/03\/Vid%C3%A9os.png?fit=300%2C300\" data-large-file=\"https:\/\/i0.wp.com\/atelierdemaxime.fr\/wp-content\/uploads\/2016\/03\/Vid%C3%A9os.png?fit=400%2C400\" src=\"https:\/\/i0.wp.com\/atelierdemaxime.fr\/wp-content\/uploads\/2016\/03\/Vid%C3%A9os.png?w=386&#038;h=386&#038;crop=1\" width=\"386\" height=\"386\" loading=\"lazy\" data-original-width=\"386\" data-original-height=\"386\" itemprop=\"http:\/\/schema.org\/image\" title=\"Vid\u00e9os\" alt=\"Vid\u00e9os\" style=\"width: 386px; height: 386px;\" \/> <\/a> <\/div> <\/div> <div class=\"gallery-group\" style=\"width: 390px; height: 390px;\" data-original-width=\"390\" data-original-height=\"390\" > <div class=\"tiled-gallery-item \" itemprop=\"associatedMedia\" itemscope itemtype=\"http:\/\/schema.org\/ImageObject\"> <a href=\"http:\/\/atelierdemaxime.fr\/?attachment_id=858\" border=\"0\" itemprop=\"url\"> <meta itemprop=\"width\" content=\"386\"> <meta itemprop=\"height\" content=\"386\"> <img decoding=\"async\" class=\"\" data-attachment-id=\"858\" data-orig-file=\"http:\/\/atelierdemaxime.fr\/wp-content\/uploads\/2016\/03\/Blog01.jpg\" data-orig-size=\"595,215\" data-comments-opened=\"\" data-image-meta=\"{&quot;aperture&quot;:&quot;0&quot;,&quot;credit&quot;:&quot;&quot;,&quot;camera&quot;:&quot;&quot;,&quot;caption&quot;:&quot;&quot;,&quot;created_timestamp&quot;:&quot;0&quot;,&quot;copyright&quot;:&quot;&quot;,&quot;focal_length&quot;:&quot;0&quot;,&quot;iso&quot;:&quot;0&quot;,&quot;shutter_speed&quot;:&quot;0&quot;,&quot;title&quot;:&quot;&quot;,&quot;orientation&quot;:&quot;1&quot;}\" data-image-title=\"Divers\" data-image-description=\"\" data-medium-file=\"https:\/\/i0.wp.com\/atelierdemaxime.fr\/wp-content\/uploads\/2016\/03\/Blog01.jpg?fit=300%2C108\" data-large-file=\"https:\/\/i0.wp.com\/atelierdemaxime.fr\/wp-content\/uploads\/2016\/03\/Blog01.jpg?fit=595%2C215\" src=\"https:\/\/i0.wp.com\/atelierdemaxime.fr\/wp-content\/uploads\/2016\/03\/Blog01.jpg?w=386&#038;h=386&#038;crop=1\" srcset=\"https:\/\/i0.wp.com\/atelierdemaxime.fr\/wp-content\/uploads\/2016\/03\/Blog01.jpg?resize=150%2C150 150w, https:\/\/i0.wp.com\/atelierdemaxime.fr\/wp-content\/uploads\/2016\/03\/Blog01.jpg?resize=180%2C180 180w, https:\/\/i0.wp.com\/atelierdemaxime.fr\/wp-content\/uploads\/2016\/03\/Blog01.jpg?resize=50%2C50 50w, https:\/\/i0.wp.com\/atelierdemaxime.fr\/wp-content\/uploads\/2016\/03\/Blog01.jpg?resize=100%2C100 100w\" width=\"386\" height=\"386\" loading=\"lazy\" data-original-width=\"386\" data-original-height=\"386\" itemprop=\"http:\/\/schema.org\/image\" title=\"Divers\" alt=\"Divers\" style=\"width: 386px; height: 386px;\" \/> <\/a> <div class=\"tiled-gallery-caption\" itemprop=\"caption description\"> Divers <\/div> <\/div> <\/div> <\/div> <div class=\"gallery-row\" style=\"width: 1170px; height: 390px;\" data-original-width=\"1170\" data-original-height=\"390\" > <div class=\"gallery-group\" style=\"width: 390px; height: 390px;\" data-original-width=\"390\" data-original-height=\"390\" > <div class=\"tiled-gallery-item \" itemprop=\"associatedMedia\" itemscope itemtype=\"http:\/\/schema.org\/ImageObject\"> <a href=\"http:\/\/atelierdemaxime.fr\/?attachment_id=868\" border=\"0\" itemprop=\"url\"> <meta itemprop=\"width\" content=\"386\"> <meta itemprop=\"height\" content=\"386\"> <img decoding=\"async\" class=\"\" data-attachment-id=\"868\" data-orig-file=\"http:\/\/atelierdemaxime.fr\/wp-content\/uploads\/2016\/03\/Atelier.png\" data-orig-size=\"400,400\" data-comments-opened=\"\" data-image-meta=\"{&quot;aperture&quot;:&quot;0&quot;,&quot;credit&quot;:&quot;&quot;,&quot;camera&quot;:&quot;&quot;,&quot;caption&quot;:&quot;&quot;,&quot;created_timestamp&quot;:&quot;0&quot;,&quot;copyright&quot;:&quot;&quot;,&quot;focal_length&quot;:&quot;0&quot;,&quot;iso&quot;:&quot;0&quot;,&quot;shutter_speed&quot;:&quot;0&quot;,&quot;title&quot;:&quot;&quot;,&quot;orientation&quot;:&quot;0&quot;}\" data-image-title=\"Derri\u00e8re l&amp;rsquo;Atelier\" data-image-description=\"\" data-medium-file=\"https:\/\/i0.wp.com\/atelierdemaxime.fr\/wp-content\/uploads\/2016\/03\/Atelier.png?fit=300%2C300\" data-large-file=\"https:\/\/i0.wp.com\/atelierdemaxime.fr\/wp-content\/uploads\/2016\/03\/Atelier.png?fit=400%2C400\" src=\"https:\/\/i0.wp.com\/atelierdemaxime.fr\/wp-content\/uploads\/2016\/03\/Atelier.png?w=386&#038;h=386&#038;crop=1\" srcset=\"https:\/\/i0.wp.com\/atelierdemaxime.fr\/wp-content\/uploads\/2016\/03\/Atelier.png?w=400 400w, https:\/\/i0.wp.com\/atelierdemaxime.fr\/wp-content\/uploads\/2016\/03\/Atelier.png?resize=150%2C150 150w, https:\/\/i0.wp.com\/atelierdemaxime.fr\/wp-content\/uploads\/2016\/03\/Atelier.png?resize=300%2C300 300w, https:\/\/i0.wp.com\/atelierdemaxime.fr\/wp-content\/uploads\/2016\/03\/Atelier.png?resize=180%2C180 180w, https:\/\/i0.wp.com\/atelierdemaxime.fr\/wp-content\/uploads\/2016\/03\/Atelier.png?resize=230%2C230 230w, https:\/\/i0.wp.com\/atelierdemaxime.fr\/wp-content\/uploads\/2016\/03\/Atelier.png?resize=350%2C350 350w, https:\/\/i0.wp.com\/atelierdemaxime.fr\/wp-content\/uploads\/2016\/03\/Atelier.png?resize=50%2C50 50w, https:\/\/i0.wp.com\/atelierdemaxime.fr\/wp-content\/uploads\/2016\/03\/Atelier.png?resize=100%2C100 100w\" width=\"386\" height=\"386\" loading=\"lazy\" data-original-width=\"386\" data-original-height=\"386\" itemprop=\"http:\/\/schema.org\/image\" title=\"Derri\u00e8re l&#039;Atelier\" alt=\"Derri\u00e8re l&#039;Atelier\" style=\"width: 386px; height: 386px;\" \/> <\/a> <div class=\"tiled-gallery-caption\" itemprop=\"caption description\"> Derri\u00e8re l&rsquo;Atelier <\/div> <\/div> <\/div> <div class=\"gallery-group\" style=\"width: 390px; height: 390px;\" data-original-width=\"390\" data-original-height=\"390\" > <div class=\"tiled-gallery-item \" itemprop=\"associatedMedia\" itemscope itemtype=\"http:\/\/schema.org\/ImageObject\"> <a href=\"http:\/\/atelierdemaxime.fr\/?attachment_id=607\" border=\"0\" itemprop=\"url\"> <meta itemprop=\"width\" content=\"386\"> <meta itemprop=\"height\" content=\"386\"> <img decoding=\"async\" class=\"\" data-attachment-id=\"607\" data-orig-file=\"http:\/\/atelierdemaxime.fr\/wp-content\/uploads\/2015\/05\/Daphn\u00e9.png\" data-orig-size=\"1000,667\" data-comments-opened=\"\" data-image-meta=\"{&quot;aperture&quot;:&quot;0&quot;,&quot;credit&quot;:&quot;&quot;,&quot;camera&quot;:&quot;&quot;,&quot;caption&quot;:&quot;&quot;,&quot;created_timestamp&quot;:&quot;0&quot;,&quot;copyright&quot;:&quot;&quot;,&quot;focal_length&quot;:&quot;0&quot;,&quot;iso&quot;:&quot;0&quot;,&quot;shutter_speed&quot;:&quot;0&quot;,&quot;title&quot;:&quot;&quot;,&quot;orientation&quot;:&quot;0&quot;}\" data-image-title=\"Daphn\u00e9 R\u00e9versible\" data-image-description=\"\" data-medium-file=\"https:\/\/i0.wp.com\/atelierdemaxime.fr\/wp-content\/uploads\/2015\/05\/Daphn%C3%A9.png?fit=300%2C200\" data-large-file=\"https:\/\/i0.wp.com\/atelierdemaxime.fr\/wp-content\/uploads\/2015\/05\/Daphn%C3%A9.png?fit=1000%2C667\" src=\"https:\/\/i0.wp.com\/atelierdemaxime.fr\/wp-content\/uploads\/2015\/05\/Daphn%C3%A9.png?w=386&#038;h=386&#038;crop=1\" width=\"386\" height=\"386\" loading=\"lazy\" data-original-width=\"386\" data-original-height=\"386\" itemprop=\"http:\/\/schema.org\/image\" title=\"Daphn\u00e9 R\u00e9versible\" alt=\"Les astuces modes\" style=\"width: 386px; height: 386px;\" \/> <\/a> <div class=\"tiled-gallery-caption\" itemprop=\"caption description\"> Les astuces modes <\/div> <\/div> <\/div> <div class=\"gallery-group\" style=\"width: 390px; height: 390px;\" data-original-width=\"390\" data-original-height=\"390\" > <div class=\"tiled-gallery-item \" itemprop=\"associatedMedia\" itemscope itemtype=\"http:\/\/schema.org\/ImageObject\"> <a href=\"http:\/\/atelierdemaxime.fr\/?attachment_id=863\" border=\"0\" itemprop=\"url\"> <meta itemprop=\"width\" content=\"386\"> <meta itemprop=\"height\" content=\"386\"> <img decoding=\"async\" class=\"\" data-attachment-id=\"863\" data-orig-file=\"http:\/\/atelierdemaxime.fr\/wp-content\/uploads\/2016\/03\/Mode.png\" data-orig-size=\"400,400\" data-comments-opened=\"\" data-image-meta=\"{&quot;aperture&quot;:&quot;0&quot;,&quot;credit&quot;:&quot;&quot;,&quot;camera&quot;:&quot;&quot;,&quot;caption&quot;:&quot;&quot;,&quot;created_timestamp&quot;:&quot;0&quot;,&quot;copyright&quot;:&quot;&quot;,&quot;focal_length&quot;:&quot;0&quot;,&quot;iso&quot;:&quot;0&quot;,&quot;shutter_speed&quot;:&quot;0&quot;,&quot;title&quot;:&quot;&quot;,&quot;orientation&quot;:&quot;0&quot;}\" data-image-title=\"Mode\" data-image-description=\"\" data-medium-file=\"https:\/\/i0.wp.com\/atelierdemaxime.fr\/wp-content\/uploads\/2016\/03\/Mode.png?fit=300%2C300\" data-large-file=\"https:\/\/i0.wp.com\/atelierdemaxime.fr\/wp-content\/uploads\/2016\/03\/Mode.png?fit=400%2C400\" src=\"https:\/\/i0.wp.com\/atelierdemaxime.fr\/wp-content\/uploads\/2016\/03\/Mode.png?w=386&#038;h=386&#038;crop=1\" srcset=\"https:\/\/i0.wp.com\/atelierdemaxime.fr\/wp-content\/uploads\/2016\/03\/Mode.png?w=400 400w, https:\/\/i0.wp.com\/atelierdemaxime.fr\/wp-content\/uploads\/2016\/03\/Mode.png?resize=150%2C150 150w, https:\/\/i0.wp.com\/atelierdemaxime.fr\/wp-content\/uploads\/2016\/03\/Mode.png?resize=300%2C300 300w, https:\/\/i0.wp.com\/atelierdemaxime.fr\/wp-content\/uploads\/2016\/03\/Mode.png?resize=180%2C180 180w, https:\/\/i0.wp.com\/atelierdemaxime.fr\/wp-content\/uploads\/2016\/03\/Mode.png?resize=230%2C230 230w, https:\/\/i0.wp.com\/atelierdemaxime.fr\/wp-content\/uploads\/2016\/03\/Mode.png?resize=350%2C350 350w, https:\/\/i0.wp.com\/atelierdemaxime.fr\/wp-content\/uploads\/2016\/03\/Mode.png?resize=50%2C50 50w\" width=\"386\" height=\"386\" loading=\"lazy\" data-original-width=\"386\" data-original-height=\"386\" itemprop=\"http:\/\/schema.org\/image\" title=\"Mode\" alt=\"Mode\" style=\"width: 386px; height: 386px;\" \/> <\/a> <\/div> <\/div> <\/div> <div class=\"gallery-row\" style=\"width: 1170px; height: 390px;\" data-original-width=\"1170\" data-original-height=\"390\" > <div class=\"gallery-group\" style=\"width: 390px; height: 390px;\" data-original-width=\"390\" data-original-height=\"390\" > <div class=\"tiled-gallery-item \" itemprop=\"associatedMedia\" itemscope itemtype=\"http:\/\/schema.org\/ImageObject\"> <a href=\"http:\/\/atelierdemaxime.fr\/?attachment_id=861\" border=\"0\" itemprop=\"url\"> <meta itemprop=\"width\" content=\"386\"> <meta itemprop=\"height\" content=\"386\"> <img decoding=\"async\" class=\"\" data-attachment-id=\"861\" data-orig-file=\"http:\/\/atelierdemaxime.fr\/wp-content\/uploads\/2016\/03\/Blog03-1-e1469295456984.png\" data-orig-size=\"150,128\" data-comments-opened=\"\" data-image-meta=\"{&quot;aperture&quot;:&quot;0&quot;,&quot;credit&quot;:&quot;&quot;,&quot;camera&quot;:&quot;&quot;,&quot;caption&quot;:&quot;&quot;,&quot;created_timestamp&quot;:&quot;0&quot;,&quot;copyright&quot;:&quot;&quot;,&quot;focal_length&quot;:&quot;0&quot;,&quot;iso&quot;:&quot;0&quot;,&quot;shutter_speed&quot;:&quot;0&quot;,&quot;title&quot;:&quot;&quot;,&quot;orientation&quot;:&quot;0&quot;}\" data-image-title=\"Vignette Tedesco\" data-image-description=\"\" data-medium-file=\"https:\/\/i0.wp.com\/atelierdemaxime.fr\/wp-content\/uploads\/2016\/03\/Blog03-1-e1469295456984.png?fit=150%2C128\" data-large-file=\"https:\/\/i0.wp.com\/atelierdemaxime.fr\/wp-content\/uploads\/2016\/03\/Blog03-1-e1469295456984.png?fit=150%2C128\" src=\"https:\/\/i0.wp.com\/atelierdemaxime.fr\/wp-content\/uploads\/2016\/03\/Blog03-1-e1469295456984.png?w=386&#038;h=386&#038;crop=1\" width=\"386\" height=\"386\" loading=\"lazy\" data-original-width=\"386\" data-original-height=\"386\" itemprop=\"http:\/\/schema.org\/image\" title=\"Vignette Tedesco\" alt=\"Derri\u00e8re l&#039;Atelier\" style=\"width: 386px; height: 386px;\" \/> <\/a> <div class=\"tiled-gallery-caption\" itemprop=\"caption description\"> Derri\u00e8re l&rsquo;Atelier <\/div> <\/div> <\/div> <div class=\"gallery-group\" style=\"width: 390px; height: 390px;\" data-original-width=\"390\" data-original-height=\"390\" > <div class=\"tiled-gallery-item \" itemprop=\"associatedMedia\" itemscope itemtype=\"http:\/\/schema.org\/ImageObject\"> <a href=\"http:\/\/atelierdemaxime.fr\/?attachment_id=870\" border=\"0\" itemprop=\"url\"> <meta itemprop=\"width\" content=\"386\"> <meta itemprop=\"height\" content=\"386\"> <img decoding=\"async\" class=\"\" data-attachment-id=\"870\" data-orig-file=\"http:\/\/atelierdemaxime.fr\/wp-content\/uploads\/2016\/03\/News.png\" data-orig-size=\"400,400\" data-comments-opened=\"\" data-image-meta=\"{&quot;aperture&quot;:&quot;0&quot;,&quot;credit&quot;:&quot;&quot;,&quot;camera&quot;:&quot;&quot;,&quot;caption&quot;:&quot;&quot;,&quot;created_timestamp&quot;:&quot;0&quot;,&quot;copyright&quot;:&quot;&quot;,&quot;focal_length&quot;:&quot;0&quot;,&quot;iso&quot;:&quot;0&quot;,&quot;shutter_speed&quot;:&quot;0&quot;,&quot;title&quot;:&quot;&quot;,&quot;orientation&quot;:&quot;0&quot;}\" data-image-title=\"News\" data-image-description=\"\" data-medium-file=\"https:\/\/i0.wp.com\/atelierdemaxime.fr\/wp-content\/uploads\/2016\/03\/News.png?fit=300%2C300\" data-large-file=\"https:\/\/i0.wp.com\/atelierdemaxime.fr\/wp-content\/uploads\/2016\/03\/News.png?fit=400%2C400\" src=\"https:\/\/i0.wp.com\/atelierdemaxime.fr\/wp-content\/uploads\/2016\/03\/News.png?w=386&#038;h=386&#038;crop=1\" srcset=\"https:\/\/i0.wp.com\/atelierdemaxime.fr\/wp-content\/uploads\/2016\/03\/News.png?w=400 400w, https:\/\/i0.wp.com\/atelierdemaxime.fr\/wp-content\/uploads\/2016\/03\/News.png?resize=150%2C150 150w, https:\/\/i0.wp.com\/atelierdemaxime.fr\/wp-content\/uploads\/2016\/03\/News.png?resize=300%2C300 300w, https:\/\/i0.wp.com\/atelierdemaxime.fr\/wp-content\/uploads\/2016\/03\/News.png?resize=180%2C180 180w, https:\/\/i0.wp.com\/atelierdemaxime.fr\/wp-content\/uploads\/2016\/03\/News.png?resize=230%2C230 230w, https:\/\/i0.wp.com\/atelierdemaxime.fr\/wp-content\/uploads\/2016\/03\/News.png?resize=350%2C350 350w, https:\/\/i0.wp.com\/atelierdemaxime.fr\/wp-content\/uploads\/2016\/03\/News.png?resize=50%2C50 50w, https:\/\/i0.wp.com\/atelierdemaxime.fr\/wp-content\/uploads\/2016\/03\/News.png?resize=100%2C100 100w\" width=\"386\" height=\"386\" loading=\"lazy\" data-original-width=\"386\" data-original-height=\"386\" itemprop=\"http:\/\/schema.org\/image\" title=\"News\" alt=\"Les News de l&#039;Atelier\" style=\"width: 386px; height: 386px;\" \/> <\/a> <div class=\"tiled-gallery-caption\" itemprop=\"caption description\"> Les News de l&rsquo;Atelier <\/div> <\/div> <\/div> <div class=\"gallery-group\" style=\"width: 390px; height: 390px;\" data-original-width=\"390\" data-original-height=\"390\" > <div class=\"tiled-gallery-item \" itemprop=\"associatedMedia\" itemscope itemtype=\"http:\/\/schema.org\/ImageObject\"> <a href=\"http:\/\/atelierdemaxime.fr\/?attachment_id=855\" border=\"0\" itemprop=\"url\"> <meta itemprop=\"width\" content=\"386\"> <meta itemprop=\"height\" content=\"386\"> <img decoding=\"async\" class=\"\" data-attachment-id=\"855\" data-orig-file=\"http:\/\/atelierdemaxime.fr\/wp-content\/uploads\/2016\/03\/Evennements.png\" data-orig-size=\"1000,614\" data-comments-opened=\"\" data-image-meta=\"{&quot;aperture&quot;:&quot;0&quot;,&quot;credit&quot;:&quot;&quot;,&quot;camera&quot;:&quot;&quot;,&quot;caption&quot;:&quot;&quot;,&quot;created_timestamp&quot;:&quot;0&quot;,&quot;copyright&quot;:&quot;&quot;,&quot;focal_length&quot;:&quot;0&quot;,&quot;iso&quot;:&quot;0&quot;,&quot;shutter_speed&quot;:&quot;0&quot;,&quot;title&quot;:&quot;&quot;,&quot;orientation&quot;:&quot;0&quot;}\" data-image-title=\"\u00c9v\u00e9nements\" data-image-description=\"\" data-medium-file=\"https:\/\/i0.wp.com\/atelierdemaxime.fr\/wp-content\/uploads\/2016\/03\/Evennements.png?fit=300%2C184\" data-large-file=\"https:\/\/i0.wp.com\/atelierdemaxime.fr\/wp-content\/uploads\/2016\/03\/Evennements.png?fit=1000%2C614\" src=\"https:\/\/i0.wp.com\/atelierdemaxime.fr\/wp-content\/uploads\/2016\/03\/Evennements.png?w=386&#038;h=386&#038;crop=1\" srcset=\"https:\/\/i0.wp.com\/atelierdemaxime.fr\/wp-content\/uploads\/2016\/03\/Evennements.png?resize=150%2C150 150w, https:\/\/i0.wp.com\/atelierdemaxime.fr\/wp-content\/uploads\/2016\/03\/Evennements.png?resize=180%2C180 180w, https:\/\/i0.wp.com\/atelierdemaxime.fr\/wp-content\/uploads\/2016\/03\/Evennements.png?resize=300%2C300 300w, https:\/\/i0.wp.com\/atelierdemaxime.fr\/wp-content\/uploads\/2016\/03\/Evennements.png?resize=600%2C600 600w, https:\/\/i0.wp.com\/atelierdemaxime.fr\/wp-content\/uploads\/2016\/03\/Evennements.png?resize=50%2C50 50w, https:\/\/i0.wp.com\/atelierdemaxime.fr\/wp-content\/uploads\/2016\/03\/Evennements.png?resize=100%2C100 100w, https:\/\/i0.wp.com\/atelierdemaxime.fr\/wp-content\/uploads\/2016\/03\/Evennements.png?zoom=2&amp;resize=386%2C386 772w\" width=\"386\" height=\"386\" loading=\"lazy\" data-original-width=\"386\" data-original-height=\"386\" itemprop=\"http:\/\/schema.org\/image\" title=\"\u00c9v\u00e9nements\" alt=\"Les News\" style=\"width: 386px; height: 386px;\" \/> <\/a> <div class=\"tiled-gallery-caption\" itemprop=\"caption description\"> Les News <\/div> <\/div> <\/div> <\/div> <\/div>\n","protected":false},"excerpt":{"rendered":"","protected":false},"author":1,"featured_media":0,"parent":0,"menu_order":0,"comment_status":"closed","ping_status":"closed","template":"","meta":{"footnotes":""},"class_list":["post-821","page","type-page","status-publish","hentry"],"jetpack_sharing_enabled":true,"jetpack_shortlink":"https:\/\/wp.me\/P7bIv4-df","jetpack-related-posts":[{"id":767,"url":"http:\/\/atelierdemaxime.fr\/?page_id=767","url_meta":{"origin":821,"position":0},"title":"Conditions G\u00e9n\u00e9rales de Vente","author":"Maxime","date":"1 mars 2016","format":false,"excerpt":"Conditions g\u00e9n\u00e9rales de vente Objet du document et relation avec les conditions d'achat Toute commande de produits, qu'ils soient standards ou faisant l'objet d'une promotion, implique la pleine connaissance et l'acceptation, sans r\u00e9serve, par l'Acheteur, des pr\u00e9sentes conditions g\u00e9n\u00e9rales de vente du Vendeur. Elles pr\u00e9valent sur toute autre condition \u00e9mise\u2026","rel":"","context":"Article similaire","block_context":{"text":"Article similaire","link":""},"img":{"alt_text":"","src":"","width":0,"height":0},"classes":[]},{"id":769,"url":"http:\/\/atelierdemaxime.fr\/?page_id=769","url_meta":{"origin":821,"position":1},"title":"D\u00e9tails Techniques","author":"Maxime","date":"2 mars 2016","format":false,"excerpt":"L\u2019atelier vous propose quelques conseils techniques pour le choix et l\u2019entretien de vos papillons. Les Papillons de l\u2019Atelier de Maxime sont fabriqu\u00e9s \u00e0 partir de mati\u00e8res nobles. Quelques pr\u00e9cautions simples d\u2019usages sont \u00e0 respecter : Nous vous conseillons de proc\u00e9der \u00e0 un nettoyage \u00e0 sec de vos papillons, c'est-\u00e0-dire en\u2026","rel":"","context":"Article similaire","block_context":{"text":"Article similaire","link":""},"img":{"alt_text":"","src":"","width":0,"height":0},"classes":[]},{"id":82,"url":"http:\/\/atelierdemaxime.fr\/?page_id=82","url_meta":{"origin":821,"position":2},"title":"Partenaires","author":"Maxime","date":"21 f\u00e9vrier 2016","format":false,"excerpt":"Rose Motola - Haute Couture Vues d'Artistes Les Galeries Lafayette - Vente Les Fleurs du Malt - Bar Comptoir de l'Atelier - Restaurant Emilien et Coralie - Artisans Fleuristes Pop&Shoes - Vente de chaussures et d'accessoires Cr\u00e9ations Ale-Piedras - Cr\u00e9ations lapidaires Le Bois Debout - Vente de gravures anciennes et\u2026","rel":"","context":"Article similaire","block_context":{"text":"Article similaire","link":""},"img":{"alt_text":"","src":"","width":0,"height":0},"classes":[]},{"id":965,"url":"http:\/\/atelierdemaxime.fr\/?page_id=965","url_meta":{"origin":821,"position":3},"title":"Le tutoriel","author":"Maxime","date":"23 juillet 2016","format":false,"excerpt":"Le tutoriel","rel":"","context":"Article similaire","block_context":{"text":"Article similaire","link":""},"img":{"alt_text":"","src":"","width":0,"height":0},"classes":[]},{"id":973,"url":"http:\/\/atelierdemaxime.fr\/?page_id=973","url_meta":{"origin":821,"position":4},"title":"VideosError type: \"Bad Request\". Error\u2026","author":"Maxime","date":"24 juillet 2016","format":false,"excerpt":"VideosError type: \"Bad Request\". Error message: \"Bad Request\" Domain: \"usageLimits\". Reason: \"keyExpired\". Did you added your own Google API key? Look at the help.Check in YouTube if the id UC_op5ZAyoTUXwUwnhiKHC7g belongs to a channelid. Check the FAQ of the plugin or send error messages to support.","rel":"","context":"Article similaire","block_context":{"text":"Article similaire","link":""},"img":{"alt_text":"","src":"","width":0,"height":0},"classes":[]},{"id":24,"url":"http:\/\/atelierdemaxime.fr\/?page_id=24","url_meta":{"origin":821,"position":5},"title":"Blog","author":"Maxime","date":"31 janvier 2016","format":false,"excerpt":"","rel":"","context":"Article similaire","block_context":{"text":"Article similaire","link":""},"img":{"alt_text":"","src":"","width":0,"height":0},"classes":[]}],"_links":{"self":[{"href":"http:\/\/atelierdemaxime.fr\/index.php?rest_route=\/wp\/v2\/pages\/821","targetHints":{"allow":["GET"]}}],"collection":[{"href":"http:\/\/atelierdemaxime.fr\/index.php?rest_route=\/wp\/v2\/pages"}],"about":[{"href":"http:\/\/atelierdemaxime.fr\/index.php?rest_route=\/wp\/v2\/types\/page"}],"author":[{"embeddable":true,"href":"http:\/\/atelierdemaxime.fr\/index.php?rest_route=\/wp\/v2\/users\/1"}],"replies":[{"embeddable":true,"href":"http:\/\/atelierdemaxime.fr\/index.php?rest_route=%2Fwp%2Fv2%2Fcomments&post=821"}],"version-history":[{"count":17,"href":"http:\/\/atelierdemaxime.fr\/index.php?rest_route=\/wp\/v2\/pages\/821\/revisions"}],"predecessor-version":[{"id":871,"href":"http:\/\/atelierdemaxime.fr\/index.php?rest_route=\/wp\/v2\/pages\/821\/revisions\/871"}],"wp:attachment":[{"href":"http:\/\/atelierdemaxime.fr\/index.php?rest_route=%2Fwp%2Fv2%2Fmedia&parent=821"}],"curies":[{"name":"wp","href":"https:\/\/api.w.org\/{rel}","templated":true}]}}