{"id":942,"date":"2016-07-03T14:44:30","date_gmt":"2016-07-03T12:44:30","guid":{"rendered":"http:\/\/atelierdemaxime.fr\/secure-boutique\/?post_type=product&#038;p=942"},"modified":"2016-07-17T12:42:07","modified_gmt":"2016-07-17T10:42:07","slug":"gaspard","status":"publish","type":"product","link":"http:\/\/atelierdemaxime.fr\/secure-boutique\/produit\/gaspard\/","title":{"rendered":"Gaspard"},"content":{"rendered":"","protected":false},"excerpt":{"rendered":"<p>Dandy du dimanche, restez nou\u00e9s, ce papillon est fait pour vous. Pens\u00e9 pour vous faire \u00e9tinceler, osez briller en soci\u00e9t\u00e9 en arborant cet imp\u00e9tueux mod\u00e8le.<\/p>\n<p class=\"p1\"><a href=\"http:\/\/wp.me\/P7bIv4-cp\" target=\"_blank\">Plus de d\u00e9tails techniques ? Suivez le lien !<\/a><\/p>\n","protected":false},"featured_media":706,"comment_status":"closed","ping_status":"closed","template":"","meta":[],"product_brand":[],"product_cat":[8],"product_tag":[],"class_list":{"0":"post-942","1":"product","2":"type-product","3":"status-publish","4":"has-post-thumbnail","6":"product_cat-homme","8":"first","9":"instock","10":"shipping-taxable","11":"purchasable","12":"product-type-variable","13":"has-default-attributes"},"_links":{"self":[{"href":"http:\/\/atelierdemaxime.fr\/secure-boutique\/wp-json\/wp\/v2\/product\/942","targetHints":{"allow":["GET"]}}],"collection":[{"href":"http:\/\/atelierdemaxime.fr\/secure-boutique\/wp-json\/wp\/v2\/product"}],"about":[{"href":"http:\/\/atelierdemaxime.fr\/secure-boutique\/wp-json\/wp\/v2\/types\/product"}],"replies":[{"embeddable":true,"href":"http:\/\/atelierdemaxime.fr\/secure-boutique\/wp-json\/wp\/v2\/comments?post=942"}],"wp:featuredmedia":[{"embeddable":true,"href":"http:\/\/atelierdemaxime.fr\/secure-boutique\/wp-json\/wp\/v2\/media\/706"}],"wp:attachment":[{"href":"http:\/\/atelierdemaxime.fr\/secure-boutique\/wp-json\/wp\/v2\/media?parent=942"}],"wp:term":[{"taxonomy":"product_brand","embeddable":true,"href":"http:\/\/atelierdemaxime.fr\/secure-boutique\/wp-json\/wp\/v2\/product_brand?post=942"},{"taxonomy":"product_cat","embeddable":true,"href":"http:\/\/atelierdemaxime.fr\/secure-boutique\/wp-json\/wp\/v2\/product_cat?post=942"},{"taxonomy":"product_tag","embeddable":true,"href":"http:\/\/atelierdemaxime.fr\/secure-boutique\/wp-json\/wp\/v2\/product_tag?post=942"}],"curies":[{"name":"wp","href":"https:\/\/api.w.org\/{rel}","templated":true}]}}