{"id":955,"date":"2016-07-03T15:05:56","date_gmt":"2016-07-03T13:05:56","guid":{"rendered":"http:\/\/atelierdemaxime.fr\/secure-boutique\/?post_type=product&#038;p=955"},"modified":"2016-07-17T12:37:40","modified_gmt":"2016-07-17T10:37:40","slug":"leon","status":"publish","type":"product","link":"http:\/\/atelierdemaxime.fr\/secure-boutique\/produit\/leon\/","title":{"rendered":"L\u00e9on"},"content":{"rendered":"","protected":false},"excerpt":{"rendered":"<div>\n<div>\n<p class=\"p1\"><span class=\"s1\">Premier n\u00e9 d\u2019une grande fratrie, ce mod\u00e8le haut en douceur ne mettra de point final \u00e0 rien du tout. Point, \u00e0 la ligne.<\/span><\/p>\n<p class=\"p1\"><a href=\"http:\/\/atelierdemaxime.fr\/details-techniques\/\" target=\"_blank\">Plus de d\u00e9tails techniques ? Suivez le lien !<\/a><\/p>\n<\/div>\n<\/div>\n","protected":false},"featured_media":748,"comment_status":"closed","ping_status":"closed","template":"","meta":[],"product_brand":[],"product_cat":[8],"product_tag":[],"class_list":{"0":"post-955","1":"product","2":"type-product","3":"status-publish","4":"has-post-thumbnail","6":"product_cat-homme","8":"first","9":"instock","10":"shipping-taxable","11":"purchasable","12":"product-type-variable","13":"has-default-attributes"},"_links":{"self":[{"href":"http:\/\/atelierdemaxime.fr\/secure-boutique\/wp-json\/wp\/v2\/product\/955","targetHints":{"allow":["GET"]}}],"collection":[{"href":"http:\/\/atelierdemaxime.fr\/secure-boutique\/wp-json\/wp\/v2\/product"}],"about":[{"href":"http:\/\/atelierdemaxime.fr\/secure-boutique\/wp-json\/wp\/v2\/types\/product"}],"replies":[{"embeddable":true,"href":"http:\/\/atelierdemaxime.fr\/secure-boutique\/wp-json\/wp\/v2\/comments?post=955"}],"wp:featuredmedia":[{"embeddable":true,"href":"http:\/\/atelierdemaxime.fr\/secure-boutique\/wp-json\/wp\/v2\/media\/748"}],"wp:attachment":[{"href":"http:\/\/atelierdemaxime.fr\/secure-boutique\/wp-json\/wp\/v2\/media?parent=955"}],"wp:term":[{"taxonomy":"product_brand","embeddable":true,"href":"http:\/\/atelierdemaxime.fr\/secure-boutique\/wp-json\/wp\/v2\/product_brand?post=955"},{"taxonomy":"product_cat","embeddable":true,"href":"http:\/\/atelierdemaxime.fr\/secure-boutique\/wp-json\/wp\/v2\/product_cat?post=955"},{"taxonomy":"product_tag","embeddable":true,"href":"http:\/\/atelierdemaxime.fr\/secure-boutique\/wp-json\/wp\/v2\/product_tag?post=955"}],"curies":[{"name":"wp","href":"https:\/\/api.w.org\/{rel}","templated":true}]}}