{"id":964,"date":"2016-07-16T10:41:53","date_gmt":"2016-07-16T08:41:53","guid":{"rendered":"http:\/\/atelierdemaxime.fr\/secure-boutique\/?post_type=product&#038;p=964"},"modified":"2016-07-17T16:16:15","modified_gmt":"2016-07-17T14:16:15","slug":"juliette","status":"publish","type":"product","link":"http:\/\/atelierdemaxime.fr\/secure-boutique\/produit\/juliette\/","title":{"rendered":"Juliette"},"content":{"rendered":"","protected":false},"excerpt":{"rendered":"<p class=\"p1\"><span class=\"s1\">Irr\u00e9sistible, presque sucr\u00e9, le motif liberty est devenu un intemporel. Le taffetas se marie ici avec un coton d\u00e9licatement imprim\u00e9. Aujourd\u2019hui propos\u00e9 pour votre tour de cou, cet ornement agr\u00e9mentera chacune de vos tenues, sans que personne n\u2019ait quoi que ce soit \u00e0 redire ! Faites-vous plaisir.<\/span><\/p>\n<p class=\"p1\">\u00ab\u00a0Ce que l&#039;amour peut faire, l&#039;amour ose le tenter.\u00a0\u00bb Shakespeare dans <em>Rom\u00e9o et Juliette<\/em>. Regardez un peu sur le site, le papillon Rom\u00e9o semble bien attendre sa Juliette&#8230;<\/p>\n<p class=\"p1\"><a href=\"http:\/\/atelierdemaxime.fr\/details-techniques\/\" target=\"_blank\">Plus de d\u00e9tails techniques ? Suivez le lien !<\/a><\/p>\n","protected":false},"featured_media":764,"comment_status":"closed","ping_status":"closed","template":"","meta":[],"product_brand":[],"product_cat":[9],"product_tag":[],"class_list":{"0":"post-964","1":"product","2":"type-product","3":"status-publish","4":"has-post-thumbnail","6":"product_cat-femme","8":"first","9":"instock","10":"shipping-taxable","11":"purchasable","12":"product-type-variable","13":"has-default-attributes"},"_links":{"self":[{"href":"http:\/\/atelierdemaxime.fr\/secure-boutique\/wp-json\/wp\/v2\/product\/964","targetHints":{"allow":["GET"]}}],"collection":[{"href":"http:\/\/atelierdemaxime.fr\/secure-boutique\/wp-json\/wp\/v2\/product"}],"about":[{"href":"http:\/\/atelierdemaxime.fr\/secure-boutique\/wp-json\/wp\/v2\/types\/product"}],"replies":[{"embeddable":true,"href":"http:\/\/atelierdemaxime.fr\/secure-boutique\/wp-json\/wp\/v2\/comments?post=964"}],"wp:featuredmedia":[{"embeddable":true,"href":"http:\/\/atelierdemaxime.fr\/secure-boutique\/wp-json\/wp\/v2\/media\/764"}],"wp:attachment":[{"href":"http:\/\/atelierdemaxime.fr\/secure-boutique\/wp-json\/wp\/v2\/media?parent=964"}],"wp:term":[{"taxonomy":"product_brand","embeddable":true,"href":"http:\/\/atelierdemaxime.fr\/secure-boutique\/wp-json\/wp\/v2\/product_brand?post=964"},{"taxonomy":"product_cat","embeddable":true,"href":"http:\/\/atelierdemaxime.fr\/secure-boutique\/wp-json\/wp\/v2\/product_cat?post=964"},{"taxonomy":"product_tag","embeddable":true,"href":"http:\/\/atelierdemaxime.fr\/secure-boutique\/wp-json\/wp\/v2\/product_tag?post=964"}],"curies":[{"name":"wp","href":"https:\/\/api.w.org\/{rel}","templated":true}]}}