{"id":972,"date":"2016-07-16T10:58:13","date_gmt":"2016-07-16T08:58:13","guid":{"rendered":"http:\/\/atelierdemaxime.fr\/secure-boutique\/?post_type=product&#038;p=972"},"modified":"2016-07-17T16:05:35","modified_gmt":"2016-07-17T14:05:35","slug":"iseut","status":"publish","type":"product","link":"http:\/\/atelierdemaxime.fr\/secure-boutique\/produit\/iseut\/","title":{"rendered":"Iseut"},"content":{"rendered":"","protected":false},"excerpt":{"rendered":"<p class=\"p1\"><span class=\"s1\">Ce papillon est un concept \u00e0 lui tout seul : le classy-cocooning. Unique donc, doux, joviale, satin\u00e9, et \u00e9tincelant, il a incontestablement tout pour vous plaire et rehausser vos tenues sobres, comme les plus excentriques.<\/span><\/p>\n<p class=\"p1\"><a href=\"http:\/\/atelierdemaxime.fr\/details-techniques\/\" target=\"_blank\">Plus de d\u00e9tails techniques ? Suivez le lien !<\/a><\/p>\n","protected":false},"featured_media":760,"comment_status":"closed","ping_status":"closed","template":"","meta":[],"product_brand":[],"product_cat":[9],"product_tag":[],"class_list":{"0":"post-972","1":"product","2":"type-product","3":"status-publish","4":"has-post-thumbnail","6":"product_cat-femme","8":"first","9":"instock","10":"shipping-taxable","11":"purchasable","12":"product-type-variable"},"_links":{"self":[{"href":"http:\/\/atelierdemaxime.fr\/secure-boutique\/wp-json\/wp\/v2\/product\/972","targetHints":{"allow":["GET"]}}],"collection":[{"href":"http:\/\/atelierdemaxime.fr\/secure-boutique\/wp-json\/wp\/v2\/product"}],"about":[{"href":"http:\/\/atelierdemaxime.fr\/secure-boutique\/wp-json\/wp\/v2\/types\/product"}],"replies":[{"embeddable":true,"href":"http:\/\/atelierdemaxime.fr\/secure-boutique\/wp-json\/wp\/v2\/comments?post=972"}],"wp:featuredmedia":[{"embeddable":true,"href":"http:\/\/atelierdemaxime.fr\/secure-boutique\/wp-json\/wp\/v2\/media\/760"}],"wp:attachment":[{"href":"http:\/\/atelierdemaxime.fr\/secure-boutique\/wp-json\/wp\/v2\/media?parent=972"}],"wp:term":[{"taxonomy":"product_brand","embeddable":true,"href":"http:\/\/atelierdemaxime.fr\/secure-boutique\/wp-json\/wp\/v2\/product_brand?post=972"},{"taxonomy":"product_cat","embeddable":true,"href":"http:\/\/atelierdemaxime.fr\/secure-boutique\/wp-json\/wp\/v2\/product_cat?post=972"},{"taxonomy":"product_tag","embeddable":true,"href":"http:\/\/atelierdemaxime.fr\/secure-boutique\/wp-json\/wp\/v2\/product_tag?post=972"}],"curies":[{"name":"wp","href":"https:\/\/api.w.org\/{rel}","templated":true}]}}