{"id":986,"date":"2016-07-16T12:08:35","date_gmt":"2016-07-16T10:08:35","guid":{"rendered":"http:\/\/atelierdemaxime.fr\/secure-boutique\/?post_type=product&#038;p=986"},"modified":"2016-07-17T15:56:17","modified_gmt":"2016-07-17T13:56:17","slug":"daphne","status":"publish","type":"product","link":"http:\/\/atelierdemaxime.fr\/secure-boutique\/produit\/daphne\/","title":{"rendered":"Daphn\u00e9"},"content":{"rendered":"","protected":false},"excerpt":{"rendered":"<p class=\"p1\"><span class=\"s1\"> Automnal et sauvage, ce mod\u00e8le vous permettra de vous d\u00e9marquer au c\u0153ur de la jungle urbaine. Animalement v\u00f4tre, Daphn\u00e9.<\/span><\/p>\n<p class=\"p1\"><a href=\"http:\/\/atelierdemaxime.fr\/details-techniques\/\" target=\"_blank\">Plus de d\u00e9tails techniques ? Suivez le lien !<\/a><\/p>\n","protected":false},"featured_media":762,"comment_status":"closed","ping_status":"closed","template":"","meta":[],"product_brand":[],"product_cat":[9],"product_tag":[],"class_list":{"0":"post-986","1":"product","2":"type-product","3":"status-publish","4":"has-post-thumbnail","6":"product_cat-femme","8":"first","9":"instock","10":"shipping-taxable","11":"purchasable","12":"product-type-variable"},"_links":{"self":[{"href":"http:\/\/atelierdemaxime.fr\/secure-boutique\/wp-json\/wp\/v2\/product\/986","targetHints":{"allow":["GET"]}}],"collection":[{"href":"http:\/\/atelierdemaxime.fr\/secure-boutique\/wp-json\/wp\/v2\/product"}],"about":[{"href":"http:\/\/atelierdemaxime.fr\/secure-boutique\/wp-json\/wp\/v2\/types\/product"}],"replies":[{"embeddable":true,"href":"http:\/\/atelierdemaxime.fr\/secure-boutique\/wp-json\/wp\/v2\/comments?post=986"}],"wp:featuredmedia":[{"embeddable":true,"href":"http:\/\/atelierdemaxime.fr\/secure-boutique\/wp-json\/wp\/v2\/media\/762"}],"wp:attachment":[{"href":"http:\/\/atelierdemaxime.fr\/secure-boutique\/wp-json\/wp\/v2\/media?parent=986"}],"wp:term":[{"taxonomy":"product_brand","embeddable":true,"href":"http:\/\/atelierdemaxime.fr\/secure-boutique\/wp-json\/wp\/v2\/product_brand?post=986"},{"taxonomy":"product_cat","embeddable":true,"href":"http:\/\/atelierdemaxime.fr\/secure-boutique\/wp-json\/wp\/v2\/product_cat?post=986"},{"taxonomy":"product_tag","embeddable":true,"href":"http:\/\/atelierdemaxime.fr\/secure-boutique\/wp-json\/wp\/v2\/product_tag?post=986"}],"curies":[{"name":"wp","href":"https:\/\/api.w.org\/{rel}","templated":true}]}}